{"id":17128,"date":"2025-04-12T17:32:25","date_gmt":"2025-04-12T17:32:25","guid":{"rendered":"https:\/\/mnxdesign.com\/?post_type=product&#038;p=17128"},"modified":"2025-10-21T15:46:47","modified_gmt":"2025-10-21T15:46:47","slug":"vlastni-obraz-jednoduche-pozadi","status":"publish","type":"product","link":"https:\/\/mnxdesign.com\/en\/product\/vlastni-obraz-jednoduche-pozadi\/","title":{"rendered":"Vlastn\u00ed obraz s jednoduch\u00fdm pozad\u00edm"},"content":{"rendered":"<p>V jednoducosti je kr\u00e1sa. Kr\u00e1sn\u00fd obraz va\u0161eho vozu a nic v\u00edc. Zaparkujte na pl\u00e1tn\u011b je\u0161t\u011b dnes.<\/p>\n<div class=\"elementor-element elementor-element-4bb25b3 elementor-widget elementor-widget-text-editor\" data-id=\"4bb25b3\" data-element_type=\"widget\" data-widget_type=\"text-editor.default\">\n<div class=\"elementor-widget-container\">\n<p>Select the size and complete your order. After payment, you will receive an email with instructions on where to send a photo of your vehicle.<\/p>\n<\/div>\n<\/div>\n<div class=\"elementor-element elementor-element-51583e0 elementor-widget elementor-widget-text-editor\" data-id=\"51583e0\" data-element_type=\"widget\" data-widget_type=\"text-editor.default\">\n<div class=\"elementor-widget-container\">\n<p>Rozm\u011bry: L \u2013 80 x 60cm; M \u2013 60 x 45cm; S \u2013 40 x 30cm<\/p>\n<p>We usually ship canvases within 14 days of ordering.<\/p>\n<\/div>\n<\/div>","protected":false},"excerpt":{"rendered":"<p>V jednoducosti je kr\u00e1sa. Kr\u00e1sn\u00fd obraz va\u0161eho vozu a nic v\u00edc. Zaparkujte na pl\u00e1tn\u011b je\u0161t\u011b dnes.<\/p>","protected":false},"featured_media":17132,"comment_status":"closed","ping_status":"closed","template":"","meta":{"om_disable_all_campaigns":false,"_monsterinsights_skip_tracking":false,"_monsterinsights_sitenote_active":false,"_monsterinsights_sitenote_note":"","_monsterinsights_sitenote_category":0,"_uf_show_specific_survey":0,"_uf_disable_surveys":false,"site-sidebar-layout":"default","site-content-layout":"","ast-site-content-layout":"default","site-content-style":"default","site-sidebar-style":"default","ast-global-header-display":"","ast-banner-title-visibility":"","ast-main-header-display":"","ast-hfb-above-header-display":"","ast-hfb-below-header-display":"","ast-hfb-mobile-header-display":"","site-post-title":"","ast-breadcrumbs-content":"","ast-featured-img":"","footer-sml-layout":"","theme-transparent-header-meta":"default","adv-header-id-meta":"","stick-header-meta":"","header-above-stick-meta":"","header-main-stick-meta":"","header-below-stick-meta":"","astra-migrate-meta-layouts":"set","ast-page-background-enabled":"default","ast-page-background-meta":{"desktop":{"background-color":"var(--ast-global-color-4)","background-image":"","background-repeat":"repeat","background-position":"center center","background-size":"auto","background-attachment":"scroll","background-type":"","background-media":"","overlay-type":"","overlay-color":"","overlay-gradient":""},"tablet":{"background-color":"","background-image":"","background-repeat":"repeat","background-position":"center center","background-size":"auto","background-attachment":"scroll","background-type":"","background-media":"","overlay-type":"","overlay-color":"","overlay-gradient":""},"mobile":{"background-color":"","background-image":"","background-repeat":"repeat","background-position":"center center","background-size":"auto","background-attachment":"scroll","background-type":"","background-media":"","overlay-type":"","overlay-color":"","overlay-gradient":""}},"ast-content-background-meta":{"desktop":{"background-color":"var(--ast-global-color-5)","background-image":"","background-repeat":"repeat","background-position":"center center","background-size":"auto","background-attachment":"scroll","background-type":"","background-media":"","overlay-type":"","overlay-color":"","overlay-gradient":""},"tablet":{"background-color":"var(--ast-global-color-5)","background-image":"","background-repeat":"repeat","background-position":"center center","background-size":"auto","background-attachment":"scroll","background-type":"","background-media":"","overlay-type":"","overlay-color":"","overlay-gradient":""},"mobile":{"background-color":"var(--ast-global-color-5)","background-image":"","background-repeat":"repeat","background-position":"center center","background-size":"auto","background-attachment":"scroll","background-type":"","background-media":"","overlay-type":"","overlay-color":"","overlay-gradient":""}}},"product_cat":[15],"product_tag":[27,25,26,28,29],"aioseo_notices":[],"jetpack_sharing_enabled":true,"_links":{"self":[{"href":"https:\/\/mnxdesign.com\/en\/wp-json\/wp\/v2\/product\/17128"}],"collection":[{"href":"https:\/\/mnxdesign.com\/en\/wp-json\/wp\/v2\/product"}],"about":[{"href":"https:\/\/mnxdesign.com\/en\/wp-json\/wp\/v2\/types\/product"}],"replies":[{"embeddable":true,"href":"https:\/\/mnxdesign.com\/en\/wp-json\/wp\/v2\/comments?post=17128"}],"wp:featuredmedia":[{"embeddable":true,"href":"https:\/\/mnxdesign.com\/en\/wp-json\/wp\/v2\/media\/17132"}],"wp:attachment":[{"href":"https:\/\/mnxdesign.com\/en\/wp-json\/wp\/v2\/media?parent=17128"}],"wp:term":[{"taxonomy":"product_cat","embeddable":true,"href":"https:\/\/mnxdesign.com\/en\/wp-json\/wp\/v2\/product_cat?post=17128"},{"taxonomy":"product_tag","embeddable":true,"href":"https:\/\/mnxdesign.com\/en\/wp-json\/wp\/v2\/product_tag?post=17128"}],"curies":[{"name":"wp","href":"https:\/\/api.w.org\/{rel}","templated":true}]}}